{"id":2,"date":"2021-01-06T15:22:39","date_gmt":"2021-01-06T15:22:39","guid":{"rendered":"https:\/\/printixel.com\/BASE_WP_VITRINE\/?page_id=2"},"modified":"2025-12-02T14:43:27","modified_gmt":"2025-12-02T14:43:27","slug":"accueil","status":"publish","type":"page","link":"https:\/\/e-energies.fr\/","title":{"rendered":"Accueil"},"content":{"rendered":"\n<h1  data-animation-delay=\"0\" data-animation-duration=\"1\">\n\t\t\tE-Energies partenaire de vos installations \u00e9lectriques \u00e0 Lyon\t<\/h1>\n\t\t\t<a href=\"#apropos\" target=\"_self\">\n\t\t\t\t\t\t\t\u26a1 D\u00e9couvrir\n\t\t\t<\/a>\n<h2  data-animation-delay=\"0.0\" data-animation-duration=\"1\">\n\t\t\tL&rsquo;entreprise\t<\/h2>\n\t\t\t\t<img decoding=\"async\" src=\"https:\/\/e-energies.fr\/wp-content\/uploads\/2024\/05\/logo-horizontal@256px.webp\" alt=\"logo-horizontal@256px\" itemprop=\"image\" height=\"76\" width=\"256\" title=\"logo-horizontal@256px\" onerror=\"this.style.display='none'\" loading=\"lazy\" \/>\n\t<p><strong>E-Energies, votre partenaire de confiance<\/strong> pour toutes vos installations \u00e9lectriques \u00e0 Lyon et ses environs. Sp\u00e9cialis\u00e9s dans la pose de panneaux photovolta\u00efques, l&rsquo;installation de bornes de charge pour v\u00e9hicules \u00e9lectriques et divers travaux d&rsquo;\u00e9lectricit\u00e9, nous offrons des solutions sur mesure pour les particuliers et les entreprises.<\/p>\n<p><strong>Certifi\u00e9e RGE Qualipv, notre \u00e9quipe s&rsquo;engage \u00e0 vous fournir des services de haute qualit\u00e9 tout en vous aidant \u00e0 profiter des aides et primes \u00e0 l&rsquo;investissement de l&rsquo;\u00c9tat.<\/strong><\/p>\n<p><a href=\"#devis\"><strong>Demandez votre devis gratuit d\u00e8s aujourd&rsquo;hui !<\/strong><\/a><\/p>\n\t\t\t\t<img decoding=\"async\" src=\"https:\/\/e-energies.fr\/wp-content\/uploads\/2024\/05\/feuille@256px.webp\" alt=\"feuille@256px\" itemprop=\"image\" height=\"290\" width=\"256\" title=\"feuille@256px\" onerror=\"this.style.display='none'\" loading=\"lazy\" \/>\n<h3>\n\t\t\tD\u00e9couvrez nos services\t<\/h3>\n\t\t\t\t<a href=\"#panneauxsolaires\"  target=\"_self\" itemprop=\"url\">\n\t\t\t\t<img decoding=\"async\" src=\"https:\/\/e-energies.fr\/wp-content\/uploads\/2024\/05\/solar-power-power-station-1.webp\" alt=\"solar-power-power-station (1)\" itemprop=\"image\" height=\"1280\" width=\"1920\" title=\"solar-power-power-station (1)\" onerror=\"this.style.display='none'\" loading=\"lazy\" \/>\n\t\t\t\t<\/a>\n\t\t\t\t\t\t\t\t<a href=\"#panneauxsolaires\" target=\"_self\">\n\t\t\t\t\t\t<\/a>\n\t\t<h3><a href=\"#panneauxsolaires\"  target=\"_self\">Panneaux solaires<\/a><\/h3><p>Installation de panneaux solaires pour les particuliers et les professionnels.<\/p>\n\t\t\t<a href=\"#panneauxsolaires\" target=\"_self\">\n\t\t\t\t\t\t\tD\u00c9COUVRIR\n\t\t\t\t\t<\/a>\n\t\t\t\t<a href=\"#bornesdecharge\"  target=\"_self\" itemprop=\"url\">\n\t\t\t\t<img decoding=\"async\" src=\"https:\/\/e-energies.fr\/wp-content\/uploads\/2024\/05\/side-view-smiley-man-waiting-car-charge.webp\" alt=\"side-view-smiley-man-waiting-car-charge\" itemprop=\"image\" height=\"1282\" width=\"1920\" title=\"side-view-smiley-man-waiting-car-charge\" onerror=\"this.style.display='none'\" loading=\"lazy\" \/>\n\t\t\t\t<\/a>\n\t\t\t\t\t\t\t\t<a href=\"#bornesdecharge\" target=\"_self\">\n\t\t\t\t\t\t<\/a>\n\t\t<h3><a href=\"#bornesdecharge\"  target=\"_self\">Bornes de Charge<\/a><\/h3><p>Installation de bornes de charge pour v\u00e9hicules \u00e9lectriques.<\/p>\n\t\t\t<a href=\"#bornesdecharge\" target=\"_self\">\n\t\t\t\t\t\t\tD\u00c9COUVRIR\n\t\t\t\t\t<\/a>\n\t\t\t\t<a href=\"#travaux\"  target=\"_self\" itemprop=\"url\">\n\t\t\t\t<img decoding=\"async\" src=\"https:\/\/e-energies.fr\/wp-content\/uploads\/2024\/05\/handyman-construction-site-process-drilling-wall-with-perforator.webp\" alt=\"handyman-construction-site-process-drilling-wall-with-perforator\" itemprop=\"image\" height=\"1107\" width=\"1920\" title=\"handyman-construction-site-process-drilling-wall-with-perforator\" onerror=\"this.style.display='none'\" loading=\"lazy\" \/>\n\t\t\t\t<\/a>\n\t\t\t\t\t\t\t\t<a href=\"#travaux\" target=\"_self\">\n\t\t\t\t\t\t<\/a>\n\t\t<h3><a href=\"#travaux\"  target=\"_self\">Travaux d&rsquo;\u00c9lectricit\u00e9<\/a><\/h3><p>Tous types de travaux d&rsquo;\u00e9lectricit\u00e9 pour r\u00e9sidentiel et tertiaire.<\/p>\n\t\t\t<a href=\"#travaux\" target=\"_self\">\n\t\t\t\t\t\t\tD\u00c9COUVRIR\n\t\t\t\t\t<\/a>\n<h2>\n\t\t\t\ud83d\udca1D\u00e9couvrez les aides de l&rsquo;\u00c9tat disponibles pour la r\u00e9novation \u00e9nerg\u00e9tique\t<\/h2>\n\t\t<h3><a href=\"https:\/\/www.economie.gouv.fr\/particuliers\/aides-renovation-energetique\" target=\"_blank\"  rel=\"noopener\">MaPrimeR\u00e9nov&rsquo;<\/a><\/h3><p>Aide financi\u00e8re pour les propri\u00e9taires et bailleurs.<\/p>\n\t\t\t<a href=\"https:\/\/www.economie.gouv.fr\/particuliers\/aides-renovation-energetique\" target=\"_blank\" rel=\"noopener\">\n\t\t\t\t\t\t\tD\u00c9COUVRIR\n\t\t\t\t\t<\/a>\n\t\t<h3><a href=\"https:\/\/www.economie.gouv.fr\/particuliers\/aides-renovation-energetique\" target=\"_blank\"  rel=\"noopener\">\u00c9co-pr\u00eat \u00e0 taux z\u00e9ro<\/a><\/h3><p>Pr\u00eat sans int\u00e9r\u00eat pour les travaux \u00e9nerg\u00e9tiques.<\/p>\n\t\t\t<a href=\"https:\/\/www.economie.gouv.fr\/particuliers\/aides-renovation-energetique\" target=\"_blank\" rel=\"noopener\">\n\t\t\t\t\t\t\tD\u00c9COUVRIR\n\t\t\t\t\t<\/a>\n\t\t<h3><a href=\"https:\/\/www.economie.gouv.fr\/particuliers\/aides-renovation-energetique\" target=\"_blank\"  rel=\"noopener\">Coup de pouce chauffage<\/a><\/h3><p>Aides pour am\u00e9liorer les syst\u00e8mes de chauffage.<\/p>\n\t\t\t<a href=\"https:\/\/www.economie.gouv.fr\/particuliers\/aides-renovation-energetique\" target=\"_blank\" rel=\"noopener\">\n\t\t\t\t\t\t\tD\u00c9COUVRIR\n\t\t\t\t\t<\/a>\n\t\t<h3><a href=\"https:\/\/www.economie.gouv.fr\/particuliers\/aides-renovation-energetique\" target=\"_blank\"  rel=\"noopener\">Taux de TVA r\u00e9duit<\/a><\/h3><p>TVA r\u00e9duite pour les travaux de r\u00e9novation.<\/p>\n\t\t\t<a href=\"https:\/\/www.economie.gouv.fr\/particuliers\/aides-renovation-energetique\" target=\"_blank\" rel=\"noopener\">\n\t\t\t\t\t\t\tD\u00c9COUVRIR\n\t\t\t\t\t<\/a>\n\t\t<h3><a href=\"https:\/\/www.economie.gouv.fr\/particuliers\/aides-renovation-energetique\" target=\"_blank\"  rel=\"noopener\">Ch\u00e8que \u00e9nergie<\/a><\/h3><p>Aide pour payer les factures d&rsquo;\u00e9nergie.<\/p>\n\t\t\t<a href=\"https:\/\/www.economie.gouv.fr\/particuliers\/aides-renovation-energetique\" target=\"_blank\" rel=\"noopener\">\n\t\t\t\t\t\t\tD\u00c9COUVRIR\n\t\t\t\t\t<\/a>\n<h2>\n\t\t\t\u2600\ufe0fPanneaux Photovolta\u00efques\t<\/h2>\n\t<p>Transformez la lumi\u00e8re du soleil en \u00e9nergie propre et r\u00e9duisez vos factures d&rsquo;\u00e9lectricit\u00e9 gr\u00e2ce \u00e0 nos solutions photovolta\u00efques. Que vous soyez un particulier ou une entreprise, nous proposons des installations adapt\u00e9es \u00e0 vos besoins.<\/p>\n\t\t\t<a href=\"#devis\" target=\"_self\">\n\t\t\t\t\t\t\tDEVIS GRATUIT\n\t\t\t\t\t<\/a>\n<h2>\n\t\t\t\ud83d\udd0bBornes de Charge pour V\u00e9hicules \u00c9lectriques\t<\/h2>\n\t<p>Facilitez la recharge de votre v\u00e9hicule \u00e9lectrique avec nos bornes de charge performantes. Nous vous accompagnons de l&rsquo;\u00e9tude \u00e0 l&rsquo;installation, garantissant un service complet et s\u00e9curis\u00e9.<\/p>\n\t\t\t<a href=\"#devis\" target=\"_self\">\n\t\t\t\t\t\t\tDEVIS GRATUIT\n\t\t\t\t\t<\/a>\n<h2>\n\t\t\t\u26a1Travaux d&rsquo;\u00c9lectricit\u00e9\t<\/h2>\n\t<p>E-energies r\u00e9alise tous vos travaux d&rsquo;\u00e9lectricit\u00e9, de l&rsquo;installation \u00e0 la maintenance. Notre expertise couvre aussi bien les projets r\u00e9sidentiels que professionnels.<\/p>\n\t\t\t<a href=\"#devis\" target=\"_self\">\n\t\t\t\t\t\t\tDEVIS GRATUIT\n\t\t\t\t\t<\/a>\n<h3>\n\t\t\tT\u00e9moignages Clients\t<\/h3>\n\t<p>Nos clients sont notre meilleure publicit\u00e9. D\u00e9couvrez ce qu&rsquo;ils disent de nous et de nos services.<\/p>\n\t\t\t\t<img decoding=\"async\" src=\"https:\/\/rows.demos.wpbeaverbuilder.com\/wp-content\/uploads\/sites\/27\/2017\/07\/bogdan-glisik-670336-unsplash-512x768-150x150.jpg\" alt=\"\" itemprop=\"image\" onerror=\"this.style.display='none'\" loading=\"lazy\" \/>\n\t<p><strong>Manon D.<\/strong><\/p>\n<p>Excellente exp\u00e9rience avec E-energies, des professionnels \u00e0 l&rsquo;\u00e9coute et comp\u00e9tents<\/p>\n\t\t\t\t<img decoding=\"async\" src=\"https:\/\/rows.demos.wpbeaverbuilder.com\/wp-content\/uploads\/sites\/27\/2017\/07\/beautiful-beauty-brazilian-woman-1102341-1024x683-150x150-1.jpg\" alt=\"\" itemprop=\"image\" onerror=\"this.style.display='none'\" loading=\"lazy\" \/>\n\t<p><strong>Marie L.<\/strong><\/p>\n<p><em>\u00ab\u00a0Installation rapide et efficace, je recommande vivement !\u00a0\u00bb<\/em><\/p>\n\t\t\t\t<img decoding=\"async\" src=\"https:\/\/rows.demos.wpbeaverbuilder.com\/wp-content\/uploads\/sites\/27\/2017\/07\/marius-ciocirlan-398931-unsplash-790x768-150x150-1.jpg\" alt=\"\" itemprop=\"image\" onerror=\"this.style.display='none'\" loading=\"lazy\" \/>\n\t<p><strong>Sylvain D.<\/strong><\/p>\n<p><em>\u00ab\u00a0Installation rapide et efficace, je recommande vivement !\u00a0\u00bb<\/em><\/p>\n\t<p><strong>Vous aussi, faites nous confiance !<\/strong><\/p>\n\t\t\t<a href=\"#devis\" target=\"_self\">\n\t\t\t\t\t\t\tDEVIS GRATUIT\n\t\t\t\t\t<\/a>\n<h2>\n\t\t\tProjets R\u00e9alis\u00e9s\t<\/h2>\n\t<p>Explorez notre galerie de projets r\u00e9alis\u00e9s et voyez par vous-m\u00eame la qualit\u00e9 de notre travail<\/p>\n\t\t\t<a href=\"#devis\" target=\"_self\">\n\t\t\t\t\t\t\tDEVIS GRATUIT\n\t\t\t\t\t<\/a>\n<h2>\n\t\t\tDemande de devis\t<\/h2>\n\n","protected":false},"excerpt":{"rendered":"<p>E-Energies partenaire de vos installations \u00e9lectriques \u00e0 Lyon \u26a1 D\u00e9couvrir L&rsquo;entreprise E-Energies, votre partenaire de confiance pour toutes vos installations \u00e9lectriques \u00e0 Lyon et ses environs. Sp\u00e9cialis\u00e9s dans la pose de panneaux photovolta\u00efques, l&rsquo;installation de bornes de charge pour v\u00e9hicules \u00e9lectriques et divers travaux d&rsquo;\u00e9lectricit\u00e9, nous offrons des solutions sur mesure pour les particuliers et&hellip;<\/p>\n","protected":false},"author":1,"featured_media":0,"parent":0,"menu_order":0,"comment_status":"closed","ping_status":"closed","template":"","meta":{"footnotes":""},"class_list":["post-2","page","type-page","status-publish","hentry"],"yoast_head":"<!-- This site is optimized with the Yoast SEO plugin v27.3 - https:\/\/yoast.com\/product\/yoast-seo-wordpress\/ -->\n<title>E-Energies | Installateur \u00e9lectricit\u00e9 &amp; panneaux solaires \u00e0 Lyon<\/title>\n<meta name=\"description\" content=\"E-Energies, expert \u00e0 Lyon en \u00e9lectricit\u00e9, panneaux solaires et bornes de recharge. Entreprise RGE QualiPV \u2014 devis gratuit et aides de l\u2019\u00c9tat disponibles.\" \/>\n<meta name=\"robots\" content=\"index, follow, max-snippet:-1, max-image-preview:large, max-video-preview:-1\" \/>\n<link rel=\"canonical\" href=\"https:\/\/e-energies.fr\/\" \/>\n<meta property=\"og:locale\" content=\"fr_FR\" \/>\n<meta property=\"og:type\" content=\"article\" \/>\n<meta property=\"og:title\" content=\"E-Energies | Installateur \u00e9lectricit\u00e9 &amp; panneaux solaires \u00e0 Lyon\" \/>\n<meta property=\"og:description\" content=\"E-Energies, expert \u00e0 Lyon en \u00e9lectricit\u00e9, panneaux solaires et bornes de recharge. Entreprise RGE QualiPV \u2014 devis gratuit et aides de l\u2019\u00c9tat disponibles.\" \/>\n<meta property=\"og:url\" content=\"https:\/\/e-energies.fr\/\" \/>\n<meta property=\"og:site_name\" content=\"E-energies\" \/>\n<meta property=\"article:modified_time\" content=\"2025-12-02T14:43:27+00:00\" \/>\n<meta property=\"og:image\" content=\"https:\/\/e-energies.fr\/wp-content\/uploads\/2024\/05\/logo-horizontal@256px.webp\" \/>\n<meta name=\"twitter:card\" content=\"summary_large_image\" \/>\n<meta name=\"twitter:label1\" content=\"Dur\u00e9e de lecture estim\u00e9e\" \/>\n\t<meta name=\"twitter:data1\" content=\"5 minutes\" \/>\n<script type=\"application\/ld+json\" class=\"yoast-schema-graph\">{\"@context\":\"https:\\\/\\\/schema.org\",\"@graph\":[{\"@type\":\"WebPage\",\"@id\":\"https:\\\/\\\/e-energies.fr\\\/\",\"url\":\"https:\\\/\\\/e-energies.fr\\\/\",\"name\":\"E-Energies | Installateur \u00e9lectricit\u00e9 & panneaux solaires \u00e0 Lyon\",\"isPartOf\":{\"@id\":\"https:\\\/\\\/e-energies.fr\\\/#website\"},\"primaryImageOfPage\":{\"@id\":\"https:\\\/\\\/e-energies.fr\\\/#primaryimage\"},\"image\":{\"@id\":\"https:\\\/\\\/e-energies.fr\\\/#primaryimage\"},\"thumbnailUrl\":\"https:\\\/\\\/e-energies.fr\\\/wp-content\\\/uploads\\\/2024\\\/05\\\/logo-horizontal@256px.webp\",\"datePublished\":\"2021-01-06T15:22:39+00:00\",\"dateModified\":\"2025-12-02T14:43:27+00:00\",\"description\":\"E-Energies, expert \u00e0 Lyon en \u00e9lectricit\u00e9, panneaux solaires et bornes de recharge. Entreprise RGE QualiPV \u2014 devis gratuit et aides de l\u2019\u00c9tat disponibles.\",\"breadcrumb\":{\"@id\":\"https:\\\/\\\/e-energies.fr\\\/#breadcrumb\"},\"inLanguage\":\"fr-FR\",\"potentialAction\":[{\"@type\":\"ReadAction\",\"target\":[\"https:\\\/\\\/e-energies.fr\\\/\"]}]},{\"@type\":\"ImageObject\",\"inLanguage\":\"fr-FR\",\"@id\":\"https:\\\/\\\/e-energies.fr\\\/#primaryimage\",\"url\":\"https:\\\/\\\/e-energies.fr\\\/wp-content\\\/uploads\\\/2024\\\/05\\\/logo-horizontal@256px.webp\",\"contentUrl\":\"https:\\\/\\\/e-energies.fr\\\/wp-content\\\/uploads\\\/2024\\\/05\\\/logo-horizontal@256px.webp\",\"width\":256,\"height\":76},{\"@type\":\"BreadcrumbList\",\"@id\":\"https:\\\/\\\/e-energies.fr\\\/#breadcrumb\",\"itemListElement\":[{\"@type\":\"ListItem\",\"position\":1,\"name\":\"Home\",\"item\":\"https:\\\/\\\/e-energies.fr\\\/\"},{\"@type\":\"ListItem\",\"position\":2,\"name\":\"Accueil\"}]},{\"@type\":\"WebSite\",\"@id\":\"https:\\\/\\\/e-energies.fr\\\/#website\",\"url\":\"https:\\\/\\\/e-energies.fr\\\/\",\"name\":\"E-energies\",\"description\":\"Partenaire de vos installations \u00e9lectriques\",\"potentialAction\":[{\"@type\":\"SearchAction\",\"target\":{\"@type\":\"EntryPoint\",\"urlTemplate\":\"https:\\\/\\\/e-energies.fr\\\/?s={search_term_string}\"},\"query-input\":{\"@type\":\"PropertyValueSpecification\",\"valueRequired\":true,\"valueName\":\"search_term_string\"}}],\"inLanguage\":\"fr-FR\"}]}<\/script>\n<!-- \/ Yoast SEO plugin. -->","yoast_head_json":{"title":"E-Energies | Installateur \u00e9lectricit\u00e9 & panneaux solaires \u00e0 Lyon","description":"E-Energies, expert \u00e0 Lyon en \u00e9lectricit\u00e9, panneaux solaires et bornes de recharge. Entreprise RGE QualiPV \u2014 devis gratuit et aides de l\u2019\u00c9tat disponibles.","robots":{"index":"index","follow":"follow","max-snippet":"max-snippet:-1","max-image-preview":"max-image-preview:large","max-video-preview":"max-video-preview:-1"},"canonical":"https:\/\/e-energies.fr\/","og_locale":"fr_FR","og_type":"article","og_title":"E-Energies | Installateur \u00e9lectricit\u00e9 & panneaux solaires \u00e0 Lyon","og_description":"E-Energies, expert \u00e0 Lyon en \u00e9lectricit\u00e9, panneaux solaires et bornes de recharge. Entreprise RGE QualiPV \u2014 devis gratuit et aides de l\u2019\u00c9tat disponibles.","og_url":"https:\/\/e-energies.fr\/","og_site_name":"E-energies","article_modified_time":"2025-12-02T14:43:27+00:00","og_image":[{"url":"https:\/\/e-energies.fr\/wp-content\/uploads\/2024\/05\/logo-horizontal@256px.webp","type":"","width":"","height":""}],"twitter_card":"summary_large_image","twitter_misc":{"Dur\u00e9e de lecture estim\u00e9e":"5 minutes"},"schema":{"@context":"https:\/\/schema.org","@graph":[{"@type":"WebPage","@id":"https:\/\/e-energies.fr\/","url":"https:\/\/e-energies.fr\/","name":"E-Energies | Installateur \u00e9lectricit\u00e9 & panneaux solaires \u00e0 Lyon","isPartOf":{"@id":"https:\/\/e-energies.fr\/#website"},"primaryImageOfPage":{"@id":"https:\/\/e-energies.fr\/#primaryimage"},"image":{"@id":"https:\/\/e-energies.fr\/#primaryimage"},"thumbnailUrl":"https:\/\/e-energies.fr\/wp-content\/uploads\/2024\/05\/logo-horizontal@256px.webp","datePublished":"2021-01-06T15:22:39+00:00","dateModified":"2025-12-02T14:43:27+00:00","description":"E-Energies, expert \u00e0 Lyon en \u00e9lectricit\u00e9, panneaux solaires et bornes de recharge. Entreprise RGE QualiPV \u2014 devis gratuit et aides de l\u2019\u00c9tat disponibles.","breadcrumb":{"@id":"https:\/\/e-energies.fr\/#breadcrumb"},"inLanguage":"fr-FR","potentialAction":[{"@type":"ReadAction","target":["https:\/\/e-energies.fr\/"]}]},{"@type":"ImageObject","inLanguage":"fr-FR","@id":"https:\/\/e-energies.fr\/#primaryimage","url":"https:\/\/e-energies.fr\/wp-content\/uploads\/2024\/05\/logo-horizontal@256px.webp","contentUrl":"https:\/\/e-energies.fr\/wp-content\/uploads\/2024\/05\/logo-horizontal@256px.webp","width":256,"height":76},{"@type":"BreadcrumbList","@id":"https:\/\/e-energies.fr\/#breadcrumb","itemListElement":[{"@type":"ListItem","position":1,"name":"Home","item":"https:\/\/e-energies.fr\/"},{"@type":"ListItem","position":2,"name":"Accueil"}]},{"@type":"WebSite","@id":"https:\/\/e-energies.fr\/#website","url":"https:\/\/e-energies.fr\/","name":"E-energies","description":"Partenaire de vos installations \u00e9lectriques","potentialAction":[{"@type":"SearchAction","target":{"@type":"EntryPoint","urlTemplate":"https:\/\/e-energies.fr\/?s={search_term_string}"},"query-input":{"@type":"PropertyValueSpecification","valueRequired":true,"valueName":"search_term_string"}}],"inLanguage":"fr-FR"}]}},"_links":{"self":[{"href":"https:\/\/e-energies.fr\/index.php\/wp-json\/wp\/v2\/pages\/2","targetHints":{"allow":["GET"]}}],"collection":[{"href":"https:\/\/e-energies.fr\/index.php\/wp-json\/wp\/v2\/pages"}],"about":[{"href":"https:\/\/e-energies.fr\/index.php\/wp-json\/wp\/v2\/types\/page"}],"author":[{"embeddable":true,"href":"https:\/\/e-energies.fr\/index.php\/wp-json\/wp\/v2\/users\/1"}],"replies":[{"embeddable":true,"href":"https:\/\/e-energies.fr\/index.php\/wp-json\/wp\/v2\/comments?post=2"}],"version-history":[{"count":101,"href":"https:\/\/e-energies.fr\/index.php\/wp-json\/wp\/v2\/pages\/2\/revisions"}],"predecessor-version":[{"id":291,"href":"https:\/\/e-energies.fr\/index.php\/wp-json\/wp\/v2\/pages\/2\/revisions\/291"}],"wp:attachment":[{"href":"https:\/\/e-energies.fr\/index.php\/wp-json\/wp\/v2\/media?parent=2"}],"curies":[{"name":"wp","href":"https:\/\/api.w.org\/{rel}","templated":true}]}}